{"id":25,"date":"2025-08-07T23:00:47","date_gmt":"2025-08-07T23:00:47","guid":{"rendered":"https:\/\/beaquim.com\/consultoria\/"},"modified":"2025-08-07T23:00:47","modified_gmt":"2025-08-07T23:00:47","slug":"consultoria","status":"publish","type":"page","link":"https:\/\/beaquimia.com\/en\/consultoria\/","title":{"rendered":"Consulting"},"content":{"rendered":"<div class=\"wp-block-group alignfull hostinger-ai-resume-1 hostinger-ai-fade-up has-global-padding is-layout-constrained wp-block-group-is-layout-constrained\">\n<div class=\"wp-block-group hostinger-ai-fade-up is-nowrap is-layout-flex wp-container-core-group-is-layout-a74d0edc wp-block-group-is-layout-flex\" style=\"padding-top:var(--wp--preset--spacing--60);padding-bottom:var(--wp--preset--spacing--60)\">\n<div class=\"wp-block-group hostinger-ai-fade-up wp-container-content-69bc4bdf has-global-padding is-layout-constrained wp-container-core-group-is-layout-aa91b218 wp-block-group-is-layout-constrained\" style=\"padding-right:var(--wp--preset--spacing--60);padding-left:var(--wp--preset--spacing--60)\">\n<h2 class=\"wp-block-heading has-text-align-center hostinger-ai-title has-background-color has-text-color has-link-color has-x-large-font-size wp-elements-c2e6a2d69d613a8c478925a56760bdb0\" style=\"margin-bottom:var(--wp--preset--spacing--20)\">Our expertise<\/h2>\n\n\n\n<p class=\"hostinger-ai-description has-background-color has-text-color has-link-color has-large-font-size wp-elements-087330984947ecdd9feedcb49fa9d150\" style=\"margin-top:0;margin-bottom:var(--wp--preset--spacing--70)\">We accumulate decades of experience in the formulation and application of chemicals for water treatment, offering effective and safe solutions.<\/p>\n<\/div>\n<\/div>\n\n\n\n<figure class=\"wp-block-image size-full is-style-default\"><img loading=\"lazy\" decoding=\"async\" width=\"1024\" height=\"1024\" src=\"https:\/\/beaquim.com\/wp-content\/uploads\/2025\/09\/ConsultoriaChatGPT-Image-6-sept-2025-03_10_08.png\" alt=\"\" class=\"wp-image-110\" srcset=\"https:\/\/beaquimia.com\/wp-content\/uploads\/2025\/09\/ConsultoriaChatGPT-Image-6-sept-2025-03_10_08.png 1024w, https:\/\/beaquimia.com\/wp-content\/uploads\/2025\/09\/ConsultoriaChatGPT-Image-6-sept-2025-03_10_08-300x300.png 300w, https:\/\/beaquimia.com\/wp-content\/uploads\/2025\/09\/ConsultoriaChatGPT-Image-6-sept-2025-03_10_08-150x150.png 150w, https:\/\/beaquimia.com\/wp-content\/uploads\/2025\/09\/ConsultoriaChatGPT-Image-6-sept-2025-03_10_08-768x768.png 768w\" sizes=\"auto, (max-width: 1024px) 100vw, 1024px\" \/><\/figure>\n<\/div>\n\n\n\n<p><\/p>","protected":false},"excerpt":{"rendered":"<p>Nuestra Experiencia Contamos con d\u00e9cadas de experiencia en la formulaci\u00f3n de productos qu\u00edmicos para el tratamiento de aguas industriales, ofreciendo soluciones efectivas y seguras.<\/p>","protected":false},"author":1,"featured_media":110,"parent":0,"menu_order":0,"comment_status":"closed","ping_status":"closed","template":"","meta":{"_EventAllDay":false,"_EventTimezone":"","_EventStartDate":"","_EventEndDate":"","_EventStartDateUTC":"","_EventEndDateUTC":"","_EventShowMap":false,"_EventShowMapLink":false,"_EventURL":"","_EventCost":"","_EventCostDescription":"","_EventCurrencySymbol":"","_EventCurrencyCode":"","_EventCurrencyPosition":"","_EventDateTimeSeparator":"","_EventTimeRangeSeparator":"","_EventOrganizerID":[],"_EventVenueID":[],"_OrganizerEmail":"","_OrganizerPhone":"","_OrganizerWebsite":"","_VenueAddress":"","_VenueCity":"","_VenueCountry":"","_VenueProvince":"","_VenueState":"","_VenueZip":"","_VenuePhone":"","_VenueURL":"","_VenueStateProvince":"","_VenueLat":"","_VenueLng":"","_VenueShowMap":false,"_VenueShowMapLink":false,"footnotes":""},"class_list":["post-25","page","type-page","status-publish","has-post-thumbnail","hentry"],"yoast_head":"<!-- This site is optimized with the Yoast SEO plugin v27.2 - https:\/\/yoast.com\/product\/yoast-seo-wordpress\/ -->\n<title>Consultor\u00eda - Expertos en tratamiento qu\u00edmico del agua<\/title>\n<meta name=\"robots\" content=\"index, follow, max-snippet:-1, max-image-preview:large, max-video-preview:-1\" \/>\n<link rel=\"canonical\" href=\"https:\/\/beaquimia.com\/en\/consultoria\/\" \/>\n<meta property=\"og:locale\" content=\"en_GB\" \/>\n<meta property=\"og:type\" content=\"article\" \/>\n<meta property=\"og:title\" content=\"Consultor\u00eda - Expertos en tratamiento qu\u00edmico del agua\" \/>\n<meta property=\"og:description\" content=\"Nuestra Experiencia Contamos con d\u00e9cadas de experiencia en la formulaci\u00f3n de productos qu\u00edmicos para el tratamiento de aguas industriales, ofreciendo soluciones efectivas y seguras.\" \/>\n<meta property=\"og:url\" content=\"https:\/\/beaquimia.com\/en\/consultoria\/\" \/>\n<meta property=\"og:site_name\" content=\"Expertos en tratamiento qu\u00edmico del agua\" \/>\n<meta property=\"og:image\" content=\"https:\/\/beaquimia.com\/wp-content\/uploads\/2025\/09\/ConsultoriaChatGPT-Image-6-sept-2025-03_10_08.png\" \/>\n\t<meta property=\"og:image:width\" content=\"1024\" \/>\n\t<meta property=\"og:image:height\" content=\"1024\" \/>\n\t<meta property=\"og:image:type\" content=\"image\/png\" \/>\n<meta name=\"twitter:card\" content=\"summary_large_image\" \/>\n<script type=\"application\/ld+json\" class=\"yoast-schema-graph\">{\"@context\":\"https:\/\/schema.org\",\"@graph\":[{\"@type\":\"WebPage\",\"@id\":\"https:\/\/beaquimia.com\/consultoria\/\",\"url\":\"https:\/\/beaquimia.com\/consultoria\/\",\"name\":\"Consultor\u00eda - Expertos en tratamiento qu\u00edmico del agua\",\"isPartOf\":{\"@id\":\"https:\/\/beaquimia.com\/#website\"},\"primaryImageOfPage\":{\"@id\":\"https:\/\/beaquimia.com\/consultoria\/#primaryimage\"},\"image\":{\"@id\":\"https:\/\/beaquimia.com\/consultoria\/#primaryimage\"},\"thumbnailUrl\":\"https:\/\/beaquimia.com\/wp-content\/uploads\/2025\/09\/ConsultoriaChatGPT-Image-6-sept-2025-03_10_08.png\",\"datePublished\":\"2025-08-07T23:00:47+00:00\",\"breadcrumb\":{\"@id\":\"https:\/\/beaquimia.com\/consultoria\/#breadcrumb\"},\"inLanguage\":\"en-GB\",\"potentialAction\":[{\"@type\":\"ReadAction\",\"target\":[\"https:\/\/beaquimia.com\/consultoria\/\"]}]},{\"@type\":\"ImageObject\",\"inLanguage\":\"en-GB\",\"@id\":\"https:\/\/beaquimia.com\/consultoria\/#primaryimage\",\"url\":\"https:\/\/beaquimia.com\/wp-content\/uploads\/2025\/09\/ConsultoriaChatGPT-Image-6-sept-2025-03_10_08.png\",\"contentUrl\":\"https:\/\/beaquimia.com\/wp-content\/uploads\/2025\/09\/ConsultoriaChatGPT-Image-6-sept-2025-03_10_08.png\",\"width\":1024,\"height\":1024},{\"@type\":\"BreadcrumbList\",\"@id\":\"https:\/\/beaquimia.com\/consultoria\/#breadcrumb\",\"itemListElement\":[{\"@type\":\"ListItem\",\"position\":1,\"name\":\"Portada\",\"item\":\"https:\/\/beaquimia.com\/\"},{\"@type\":\"ListItem\",\"position\":2,\"name\":\"Consultor\u00eda\"}]},{\"@type\":\"WebSite\",\"@id\":\"https:\/\/beaquimia.com\/#website\",\"url\":\"https:\/\/beaquimia.com\/\",\"name\":\"Expertos en tratamiento qu\u00edmico del agua\",\"description\":\"\",\"publisher\":{\"@id\":\"https:\/\/beaquimia.com\/#organization\"},\"potentialAction\":[{\"@type\":\"SearchAction\",\"target\":{\"@type\":\"EntryPoint\",\"urlTemplate\":\"https:\/\/beaquimia.com\/?s={search_term_string}\"},\"query-input\":{\"@type\":\"PropertyValueSpecification\",\"valueRequired\":true,\"valueName\":\"search_term_string\"}}],\"inLanguage\":\"en-GB\"},{\"@type\":\"Organization\",\"@id\":\"https:\/\/beaquimia.com\/#organization\",\"name\":\"Beaquimia\",\"url\":\"https:\/\/beaquimia.com\/\",\"logo\":{\"@type\":\"ImageObject\",\"inLanguage\":\"en-GB\",\"@id\":\"https:\/\/beaquimia.com\/#\/schema\/logo\/image\/\",\"url\":\"https:\/\/beaquimia.com\/wp-content\/uploads\/2025\/09\/LogoBeaquimiaAzul.jpg\",\"contentUrl\":\"https:\/\/beaquimia.com\/wp-content\/uploads\/2025\/09\/LogoBeaquimiaAzul.jpg\",\"width\":567,\"height\":125,\"caption\":\"Beaquimia\"},\"image\":{\"@id\":\"https:\/\/beaquimia.com\/#\/schema\/logo\/image\/\"},\"sameAs\":[\"https:\/\/www.linkedin.com\/company\/109128909\/admin\/dashboard\/\"]}]}<\/script>\n<!-- \/ Yoast SEO plugin. -->","yoast_head_json":{"title":"Consultor\u00eda - Expertos en tratamiento qu\u00edmico del agua","robots":{"index":"index","follow":"follow","max-snippet":"max-snippet:-1","max-image-preview":"max-image-preview:large","max-video-preview":"max-video-preview:-1"},"canonical":"https:\/\/beaquimia.com\/en\/consultoria\/","og_locale":"en_GB","og_type":"article","og_title":"Consultor\u00eda - Expertos en tratamiento qu\u00edmico del agua","og_description":"Nuestra Experiencia Contamos con d\u00e9cadas de experiencia en la formulaci\u00f3n de productos qu\u00edmicos para el tratamiento de aguas industriales, ofreciendo soluciones efectivas y seguras.","og_url":"https:\/\/beaquimia.com\/en\/consultoria\/","og_site_name":"Expertos en tratamiento qu\u00edmico del agua","og_image":[{"width":1024,"height":1024,"url":"https:\/\/beaquimia.com\/wp-content\/uploads\/2025\/09\/ConsultoriaChatGPT-Image-6-sept-2025-03_10_08.png","type":"image\/png"}],"twitter_card":"summary_large_image","schema":{"@context":"https:\/\/schema.org","@graph":[{"@type":"WebPage","@id":"https:\/\/beaquimia.com\/consultoria\/","url":"https:\/\/beaquimia.com\/consultoria\/","name":"Consultor\u00eda - Expertos en tratamiento qu\u00edmico del agua","isPartOf":{"@id":"https:\/\/beaquimia.com\/#website"},"primaryImageOfPage":{"@id":"https:\/\/beaquimia.com\/consultoria\/#primaryimage"},"image":{"@id":"https:\/\/beaquimia.com\/consultoria\/#primaryimage"},"thumbnailUrl":"https:\/\/beaquimia.com\/wp-content\/uploads\/2025\/09\/ConsultoriaChatGPT-Image-6-sept-2025-03_10_08.png","datePublished":"2025-08-07T23:00:47+00:00","breadcrumb":{"@id":"https:\/\/beaquimia.com\/consultoria\/#breadcrumb"},"inLanguage":"en-GB","potentialAction":[{"@type":"ReadAction","target":["https:\/\/beaquimia.com\/consultoria\/"]}]},{"@type":"ImageObject","inLanguage":"en-GB","@id":"https:\/\/beaquimia.com\/consultoria\/#primaryimage","url":"https:\/\/beaquimia.com\/wp-content\/uploads\/2025\/09\/ConsultoriaChatGPT-Image-6-sept-2025-03_10_08.png","contentUrl":"https:\/\/beaquimia.com\/wp-content\/uploads\/2025\/09\/ConsultoriaChatGPT-Image-6-sept-2025-03_10_08.png","width":1024,"height":1024},{"@type":"BreadcrumbList","@id":"https:\/\/beaquimia.com\/consultoria\/#breadcrumb","itemListElement":[{"@type":"ListItem","position":1,"name":"Portada","item":"https:\/\/beaquimia.com\/"},{"@type":"ListItem","position":2,"name":"Consultor\u00eda"}]},{"@type":"WebSite","@id":"https:\/\/beaquimia.com\/#website","url":"https:\/\/beaquimia.com\/","name":"Water treatment chemicals experts","description":"","publisher":{"@id":"https:\/\/beaquimia.com\/#organization"},"potentialAction":[{"@type":"SearchAction","target":{"@type":"EntryPoint","urlTemplate":"https:\/\/beaquimia.com\/?s={search_term_string}"},"query-input":{"@type":"PropertyValueSpecification","valueRequired":true,"valueName":"search_term_string"}}],"inLanguage":"en-GB"},{"@type":"Organization","@id":"https:\/\/beaquimia.com\/#organization","name":"Beaquimia","url":"https:\/\/beaquimia.com\/","logo":{"@type":"ImageObject","inLanguage":"en-GB","@id":"https:\/\/beaquimia.com\/#\/schema\/logo\/image\/","url":"https:\/\/beaquimia.com\/wp-content\/uploads\/2025\/09\/LogoBeaquimiaAzul.jpg","contentUrl":"https:\/\/beaquimia.com\/wp-content\/uploads\/2025\/09\/LogoBeaquimiaAzul.jpg","width":567,"height":125,"caption":"Beaquimia"},"image":{"@id":"https:\/\/beaquimia.com\/#\/schema\/logo\/image\/"},"sameAs":["https:\/\/www.linkedin.com\/company\/109128909\/admin\/dashboard\/"]}]}},"_hostinger_reach_plugin_has_subscription_block":false,"_hostinger_reach_plugin_is_elementor":false,"_links":{"self":[{"href":"https:\/\/beaquimia.com\/en\/wp-json\/wp\/v2\/pages\/25","targetHints":{"allow":["GET"]}}],"collection":[{"href":"https:\/\/beaquimia.com\/en\/wp-json\/wp\/v2\/pages"}],"about":[{"href":"https:\/\/beaquimia.com\/en\/wp-json\/wp\/v2\/types\/page"}],"author":[{"embeddable":true,"href":"https:\/\/beaquimia.com\/en\/wp-json\/wp\/v2\/users\/1"}],"replies":[{"embeddable":true,"href":"https:\/\/beaquimia.com\/en\/wp-json\/wp\/v2\/comments?post=25"}],"version-history":[{"count":0,"href":"https:\/\/beaquimia.com\/en\/wp-json\/wp\/v2\/pages\/25\/revisions"}],"wp:featuredmedia":[{"embeddable":true,"href":"https:\/\/beaquimia.com\/en\/wp-json\/wp\/v2\/media\/110"}],"wp:attachment":[{"href":"https:\/\/beaquimia.com\/en\/wp-json\/wp\/v2\/media?parent=25"}],"curies":[{"name":"wp","href":"https:\/\/api.w.org\/{rel}","templated":true}]}}