{"id":24,"date":"2025-08-07T23:00:47","date_gmt":"2025-08-07T23:00:47","guid":{"rendered":"https:\/\/beaquim.com\/productos\/"},"modified":"2025-10-26T18:36:05","modified_gmt":"2025-10-26T16:36:05","slug":"productos","status":"publish","type":"page","link":"https:\/\/beaquimia.com\/en\/productos\/","title":{"rendered":"Products"},"content":{"rendered":"<div class=\"wp-block-group alignfull hostinger-ai-gallery-4 hostinger-ai-fade-up is-layout-flow wp-block-group-is-layout-flow\">\n<div class=\"wp-block-cover alignfull\"><span aria-hidden=\"true\" class=\"wp-block-cover__background has-background-dim\"><\/span><div class=\"wp-block-cover__inner-container is-layout-flow wp-block-cover-is-layout-flow\">\n<div class=\"wp-block-group alignfull hostinger-ai-fade-up has-global-padding is-content-justification-center is-layout-constrained wp-block-group-is-layout-constrained\" style=\"padding-top:var(--wp--preset--spacing--60);padding-bottom:var(--wp--preset--spacing--60)\">\n<h2 class=\"wp-block-heading alignfull has-text-align-center hostinger-ai-title has-background-color has-secondary-background-color has-text-color has-background has-link-color has-x-large-font-size wp-elements-1e964769310adbb0a84658966854e5e2\" style=\"margin-top:0;margin-right:0;margin-bottom:var(--wp--preset--spacing--20);margin-left:0\">Products for water treatment<\/h2>\n\n\n\n<p class=\"has-text-align-center hostinger-ai-description has-dark-color has-secondary-background-color has-text-color has-background has-link-color has-medium-font-size wp-elements-b5350fb7bd616850952709c05441d91f\" style=\"margin-top:0;margin-bottom:0\">Chemicals and solutions for optimizing the industrial water cycle. We have proprietary formulations and the possibility to create a tailor-made formulation for your industry. We can work under our brand or we can manufacture for private labels as a contractor.<\/p>\n<\/div>\n<\/div><\/div>\n<\/div>\n\n\n\n<div class=\"wp-block-group alignfull hostinger-ai-about-us-2 hostinger-ai-fade-up has-global-padding is-layout-constrained wp-block-group-is-layout-constrained\">\n<div class=\"wp-block-group alignwide hostinger-ai-fade-up has-global-padding is-layout-constrained wp-container-core-group-is-layout-7c08b7bb wp-block-group-is-layout-constrained\" style=\"padding-top:var(--wp--preset--spacing--60);padding-right:0;padding-bottom:var(--wp--preset--spacing--60);padding-left:0\">\n<div class=\"wp-block-group hostinger-ai-fade-up has-global-padding is-layout-constrained wp-block-group-is-layout-constrained\">\n<figure class=\"wp-block-image alignfull size-full has-custom-border hostinger-ai-image hostinger-index-1 is-style-rounded\"><img loading=\"lazy\" decoding=\"async\" width=\"1024\" height=\"1024\" src=\"https:\/\/beaquim.com\/wp-content\/uploads\/2025\/09\/OsmosisChatGPT-Image-6-sept-2025-01_40_34.png\" alt=\"\" class=\"wp-image-77\" style=\"border-radius:20px\" srcset=\"https:\/\/beaquimia.com\/wp-content\/uploads\/2025\/09\/OsmosisChatGPT-Image-6-sept-2025-01_40_34.png 1024w, https:\/\/beaquimia.com\/wp-content\/uploads\/2025\/09\/OsmosisChatGPT-Image-6-sept-2025-01_40_34-300x300.png 300w, https:\/\/beaquimia.com\/wp-content\/uploads\/2025\/09\/OsmosisChatGPT-Image-6-sept-2025-01_40_34-150x150.png 150w, https:\/\/beaquimia.com\/wp-content\/uploads\/2025\/09\/OsmosisChatGPT-Image-6-sept-2025-01_40_34-768x768.png 768w\" sizes=\"auto, (max-width: 1024px) 100vw, 1024px\" \/><\/figure>\n<\/div>\n\n\n\n<div class=\"wp-block-group alignwide hostinger-ai-fade-up wp-container-content-69bc4bdf has-global-padding is-content-justification-right is-layout-constrained wp-container-core-group-is-layout-655865b8 wp-block-group-is-layout-constrained\" style=\"padding-right:var(--wp--preset--spacing--60);padding-left:var(--wp--preset--spacing--60)\">\n<h2 class=\"wp-block-heading has-text-align-left hostinger-ai-title has-background-color has-text-color has-link-color has-x-large-font-size wp-elements-762d35ae217f5141d1192b1ffb633199\" style=\"margin-top:0;margin-right:0;margin-bottom:0;margin-left:0;padding-bottom:var(--wp--preset--spacing--20)\">Formulations for reverse osmosis<\/h2>\n\n\n\n<p class=\"has-text-align-left hostinger-ai-description has-background-color has-text-color has-link-color has-large-font-size wp-elements-665432f49facf9073b6e3e81fb23621d\" style=\"margin-top:0;margin-bottom:var(--wp--preset--spacing--50)\">We deliver high quality formulations for ensuring the appropriatte maintenance of the industrial reverse osmosis equipments.<\/p>\n\n\n\n<ul class=\"wp-block-list\">\n<li class=\"has-background-color has-text-color has-link-color has-large-font-size wp-elements-698b5ff2a4ddad8b5bd6910e93f3d04d\">Antiscalants<\/li>\n\n\n\n<li class=\"has-background-color has-text-color has-link-color has-large-font-size wp-elements-6a361e1c75d63104e14460846f97e43f\">Antiscalants with fluorescence online monitoring of the concentration of the product<\/li>\n\n\n\n<li class=\"has-background-color has-text-color has-link-color has-large-font-size wp-elements-932460586318b786255b1fdffca9000f\">Acid cleaners<\/li>\n\n\n\n<li class=\"has-background-color has-text-color has-link-color has-large-font-size wp-elements-6e453dc257551d4ce9ac1ccf41d69fba\">Alcaline cleaners<\/li>\n\n\n\n<li class=\"has-background-color has-text-color has-link-color has-large-font-size wp-elements-e5b22624a3208f0c9663602d773c544a\">Biocides <\/li>\n<\/ul>\n\n\n\n<h2 class=\"wp-block-heading has-text-align-left hostinger-ai-title has-background-color has-text-color has-link-color has-x-large-font-size wp-elements-7ec0413c9cf53aa004f7d9e0a0aefb75\" style=\"margin-top:0;margin-right:0;margin-bottom:0;margin-left:0;padding-bottom:var(--wp--preset--spacing--20)\">Chlorine dioxide generators<\/h2>\n\n\n\n<div class=\"wp-block-media-text is-stacked-on-mobile\"><figure class=\"wp-block-media-text__media\"><img loading=\"lazy\" decoding=\"async\" width=\"683\" height=\"1024\" src=\"https:\/\/beaquim.com\/wp-content\/uploads\/2025\/09\/GeneradorImagenFichaTecnicaChatGPT-Image-8-sept-2025-20_49_38-683x1024.png\" alt=\"\" class=\"wp-image-225 size-full\" srcset=\"https:\/\/beaquimia.com\/wp-content\/uploads\/2025\/09\/GeneradorImagenFichaTecnicaChatGPT-Image-8-sept-2025-20_49_38-683x1024.png 683w, https:\/\/beaquimia.com\/wp-content\/uploads\/2025\/09\/GeneradorImagenFichaTecnicaChatGPT-Image-8-sept-2025-20_49_38-200x300.png 200w, https:\/\/beaquimia.com\/wp-content\/uploads\/2025\/09\/GeneradorImagenFichaTecnicaChatGPT-Image-8-sept-2025-20_49_38.png 1024w\" sizes=\"auto, (max-width: 683px) 100vw, 683px\" \/><\/figure><div class=\"wp-block-media-text__content\">\n<p class=\"has-background-color has-text-color has-link-color has-large-font-size wp-elements-9d15d143708bf416945091714c53cc65\">At Beaquimia we have enhanced the existing reactors in the market by means of a exclusive system for the adjustment of the reactor's volume by which we achieve more tan 98% conversion in the generation in situ of chlorine dioxide from the precursor reactives. The result is an effective disinfection technology which is environmentally friendly.<\/p>\n<\/div><\/div>\n\n\n\n<hr class=\"wp-block-separator has-alpha-channel-opacity\"\/>\n\n\n\n<hr class=\"wp-block-separator has-alpha-channel-opacity\"\/>\n\n\n\n<hr class=\"wp-block-separator has-alpha-channel-opacity\"\/>\n\n\n\n<h2 class=\"wp-block-heading has-text-align-left hostinger-ai-title has-background-color has-text-color has-link-color has-x-large-font-size wp-elements-ccbf1246bf02298a7dc10d7d33aeb4e3\" style=\"margin-top:0;margin-right:0;margin-bottom:0;margin-left:0;padding-bottom:var(--wp--preset--spacing--20)\">Tailor-made coagulants<\/h2>\n\n\n\n<p class=\"has-text-align-left hostinger-ai-description has-background-color has-text-color has-link-color has-large-font-size wp-elements-26ab114b11df978565263f145f1e4274\" style=\"margin-top:0;margin-bottom:var(--wp--preset--spacing--50)\">We formulate and manufacture mixed coagulants dependind on the features of the raw water to be treated. We do services of selection, revision and dosage adjustment of the coagulants in order to ensure not consuming more product than really needed.<\/p>\n\n\n\n<h2 class=\"wp-block-heading has-text-align-left hostinger-ai-title has-background-color has-text-color has-link-color has-x-large-font-size wp-elements-974c57c431f4973e5606024db0645b13\" style=\"margin-top:0;margin-right:0;margin-bottom:0;margin-left:0;padding-bottom:var(--wp--preset--spacing--20)\">Defoamers<\/h2>\n\n\n\n<p class=\"has-text-align-left hostinger-ai-description has-background-color has-text-color has-link-color has-large-font-size wp-elements-8ba6c8534df7140c4de91468ca9e4a78\" style=\"margin-top:0;margin-bottom:var(--wp--preset--spacing--50)\">We deliver a wide range of defoamers for covering the different needs in different processes.<\/p>\n\n\n\n<p><\/p>\n<\/div>\n<\/div>\n<\/div>\n\n\n\n<div class=\"wp-block-group alignfull hostinger-ai-solid-block hostinger-ai-fade-up has-color-1-background-color has-background has-global-padding is-layout-constrained wp-block-group-is-layout-constrained\" style=\"padding-top:var(--wp--preset--spacing--60);padding-bottom:var(--wp--preset--spacing--60)\">\n<div class=\"wp-block-group alignwide hostinger-ai-fade-up is-vertical is-content-justification-center is-nowrap is-layout-flex wp-container-core-group-is-layout-4cc6ee0a wp-block-group-is-layout-flex\" style=\"min-height:0px;padding-top:0;padding-bottom:0\">\n<div class=\"wp-block-group hostinger-ai-fade-up wp-container-content-69bc4bdf has-global-padding is-content-justification-center is-layout-constrained wp-container-core-group-is-layout-78267832 wp-block-group-is-layout-constrained\">\n<h2 class=\"wp-block-heading has-text-align-center hostinger-ai-title has-background-color has-text-color has-link-color has-x-large-font-size wp-elements-63f8cb22f097ee6afde2c98d2d6e745e\" style=\"margin-top:0;margin-right:0;margin-bottom:0;margin-left:0\">Tailor-made solutions<\/h2>\n\n\n\n<p class=\"has-text-align-center hostinger-ai-description has-background-color has-text-color has-link-color has-large-font-size wp-elements-a01a06d02d0526ee17069612d6bdbd8e\" style=\"margin-top:var(--wp--preset--spacing--20);margin-bottom:var(--wp--preset--spacing--50)\">Improve the effectiveness and efficiency of your water treatment with our products and solutions. Contact our experts for more information.<\/p>\n\n\n\n<div class=\"wp-block-buttons is-content-justification-center is-layout-flex wp-container-core-buttons-is-layout-23a043ba wp-block-buttons-is-layout-flex\">\n<div class=\"wp-block-button has-custom-width wp-block-button__width-75 hostinger-ai-cta-button is-style-fill\"><a class=\"wp-block-button__link has-dark-color has-contrast-background-color has-text-color has-background has-link-color has-border-color has-background-border-color has-medium-font-size has-text-align-center has-custom-font-size wp-element-button\" href=\"https:\/\/beaquimia.com\/en\/contacto\/\" style=\"border-width:1px;border-radius:50px;padding-top:var(--wp--preset--spacing--30);padding-right:var(--wp--preset--spacing--70);padding-bottom:var(--wp--preset--spacing--30);padding-left:var(--wp--preset--spacing--70);box-shadow:var(--wp--preset--shadow--crisp)\">Contact<\/a><\/div>\n<\/div>\n<\/div>\n<\/div>\n<\/div>\n\n\n\n<p><\/p>","protected":false},"excerpt":{"rendered":"<p>Formulaciones para \u00f3smosis inversa Disponemos de formulaciones propias de la m\u00e1xima calidad y garant\u00eda para asegurar el cuidado de los equipos de \u00f3smosis industriales: Equipos genereradores de di\u00f3xido de cloro [&hellip;]<\/p>\n","protected":false},"author":1,"featured_media":225,"parent":0,"menu_order":0,"comment_status":"closed","ping_status":"closed","template":"","meta":{"_EventAllDay":false,"_EventTimezone":"","_EventStartDate":"","_EventEndDate":"","_EventStartDateUTC":"","_EventEndDateUTC":"","_EventShowMap":false,"_EventShowMapLink":false,"_EventURL":"","_EventCost":"","_EventCostDescription":"","_EventCurrencySymbol":"","_EventCurrencyCode":"","_EventCurrencyPosition":"","_EventDateTimeSeparator":"","_EventTimeRangeSeparator":"","_EventOrganizerID":[],"_EventVenueID":[],"_OrganizerEmail":"","_OrganizerPhone":"","_OrganizerWebsite":"","_VenueAddress":"","_VenueCity":"","_VenueCountry":"","_VenueProvince":"","_VenueState":"","_VenueZip":"","_VenuePhone":"","_VenueURL":"","_VenueStateProvince":"","_VenueLat":"","_VenueLng":"","_VenueShowMap":false,"_VenueShowMapLink":false,"footnotes":""},"class_list":["post-24","page","type-page","status-publish","has-post-thumbnail","hentry"],"yoast_head":"<!-- This site is optimized with the Yoast SEO plugin v27.2 - https:\/\/yoast.com\/product\/yoast-seo-wordpress\/ -->\n<title>Productos - Expertos en tratamiento qu\u00edmico del agua<\/title>\n<meta name=\"robots\" content=\"index, follow, max-snippet:-1, max-image-preview:large, max-video-preview:-1\" \/>\n<link rel=\"canonical\" href=\"https:\/\/beaquimia.com\/en\/productos\/\" \/>\n<meta property=\"og:locale\" content=\"en_GB\" \/>\n<meta property=\"og:type\" content=\"article\" \/>\n<meta property=\"og:title\" content=\"Productos - Expertos en tratamiento qu\u00edmico del agua\" \/>\n<meta property=\"og:description\" content=\"Formulaciones para \u00f3smosis inversa Disponemos de formulaciones propias de la m\u00e1xima calidad y garant\u00eda para asegurar el cuidado de los equipos de \u00f3smosis industriales: Equipos genereradores de di\u00f3xido de cloro [&hellip;]\" \/>\n<meta property=\"og:url\" content=\"https:\/\/beaquimia.com\/en\/productos\/\" \/>\n<meta property=\"og:site_name\" content=\"Expertos en tratamiento qu\u00edmico del agua\" \/>\n<meta property=\"article:modified_time\" content=\"2025-10-26T16:36:05+00:00\" \/>\n<meta property=\"og:image\" content=\"https:\/\/beaquimia.com\/wp-content\/uploads\/2025\/09\/GeneradorImagenFichaTecnicaChatGPT-Image-8-sept-2025-20_49_38.png\" \/>\n\t<meta property=\"og:image:width\" content=\"1024\" \/>\n\t<meta property=\"og:image:height\" content=\"1536\" \/>\n\t<meta property=\"og:image:type\" content=\"image\/png\" \/>\n<meta name=\"twitter:card\" content=\"summary_large_image\" \/>\n<meta name=\"twitter:label1\" content=\"Estimated reading time\" \/>\n\t<meta name=\"twitter:data1\" content=\"2 minutes\" \/>\n<script type=\"application\/ld+json\" class=\"yoast-schema-graph\">{\"@context\":\"https:\/\/schema.org\",\"@graph\":[{\"@type\":\"WebPage\",\"@id\":\"https:\/\/beaquimia.com\/productos\/\",\"url\":\"https:\/\/beaquimia.com\/productos\/\",\"name\":\"Productos - Expertos en tratamiento qu\u00edmico del agua\",\"isPartOf\":{\"@id\":\"https:\/\/beaquimia.com\/#website\"},\"primaryImageOfPage\":{\"@id\":\"https:\/\/beaquimia.com\/productos\/#primaryimage\"},\"image\":{\"@id\":\"https:\/\/beaquimia.com\/productos\/#primaryimage\"},\"thumbnailUrl\":\"https:\/\/beaquimia.com\/wp-content\/uploads\/2025\/09\/GeneradorImagenFichaTecnicaChatGPT-Image-8-sept-2025-20_49_38.png\",\"datePublished\":\"2025-08-07T23:00:47+00:00\",\"dateModified\":\"2025-10-26T16:36:05+00:00\",\"breadcrumb\":{\"@id\":\"https:\/\/beaquimia.com\/productos\/#breadcrumb\"},\"inLanguage\":\"en-GB\",\"potentialAction\":[{\"@type\":\"ReadAction\",\"target\":[\"https:\/\/beaquimia.com\/productos\/\"]}]},{\"@type\":\"ImageObject\",\"inLanguage\":\"en-GB\",\"@id\":\"https:\/\/beaquimia.com\/productos\/#primaryimage\",\"url\":\"https:\/\/beaquimia.com\/wp-content\/uploads\/2025\/09\/GeneradorImagenFichaTecnicaChatGPT-Image-8-sept-2025-20_49_38.png\",\"contentUrl\":\"https:\/\/beaquimia.com\/wp-content\/uploads\/2025\/09\/GeneradorImagenFichaTecnicaChatGPT-Image-8-sept-2025-20_49_38.png\",\"width\":1024,\"height\":1536},{\"@type\":\"BreadcrumbList\",\"@id\":\"https:\/\/beaquimia.com\/productos\/#breadcrumb\",\"itemListElement\":[{\"@type\":\"ListItem\",\"position\":1,\"name\":\"Portada\",\"item\":\"https:\/\/beaquimia.com\/\"},{\"@type\":\"ListItem\",\"position\":2,\"name\":\"Productos\"}]},{\"@type\":\"WebSite\",\"@id\":\"https:\/\/beaquimia.com\/#website\",\"url\":\"https:\/\/beaquimia.com\/\",\"name\":\"Expertos en tratamiento qu\u00edmico del agua\",\"description\":\"\",\"publisher\":{\"@id\":\"https:\/\/beaquimia.com\/#organization\"},\"potentialAction\":[{\"@type\":\"SearchAction\",\"target\":{\"@type\":\"EntryPoint\",\"urlTemplate\":\"https:\/\/beaquimia.com\/?s={search_term_string}\"},\"query-input\":{\"@type\":\"PropertyValueSpecification\",\"valueRequired\":true,\"valueName\":\"search_term_string\"}}],\"inLanguage\":\"en-GB\"},{\"@type\":\"Organization\",\"@id\":\"https:\/\/beaquimia.com\/#organization\",\"name\":\"Beaquimia\",\"url\":\"https:\/\/beaquimia.com\/\",\"logo\":{\"@type\":\"ImageObject\",\"inLanguage\":\"en-GB\",\"@id\":\"https:\/\/beaquimia.com\/#\/schema\/logo\/image\/\",\"url\":\"https:\/\/beaquimia.com\/wp-content\/uploads\/2025\/09\/LogoBeaquimiaAzul.jpg\",\"contentUrl\":\"https:\/\/beaquimia.com\/wp-content\/uploads\/2025\/09\/LogoBeaquimiaAzul.jpg\",\"width\":567,\"height\":125,\"caption\":\"Beaquimia\"},\"image\":{\"@id\":\"https:\/\/beaquimia.com\/#\/schema\/logo\/image\/\"},\"sameAs\":[\"https:\/\/www.linkedin.com\/company\/109128909\/admin\/dashboard\/\"]}]}<\/script>\n<!-- \/ Yoast SEO plugin. -->","yoast_head_json":{"title":"Productos - Expertos en tratamiento qu\u00edmico del agua","robots":{"index":"index","follow":"follow","max-snippet":"max-snippet:-1","max-image-preview":"max-image-preview:large","max-video-preview":"max-video-preview:-1"},"canonical":"https:\/\/beaquimia.com\/en\/productos\/","og_locale":"en_GB","og_type":"article","og_title":"Productos - Expertos en tratamiento qu\u00edmico del agua","og_description":"Formulaciones para \u00f3smosis inversa Disponemos de formulaciones propias de la m\u00e1xima calidad y garant\u00eda para asegurar el cuidado de los equipos de \u00f3smosis industriales: Equipos genereradores de di\u00f3xido de cloro [&hellip;]","og_url":"https:\/\/beaquimia.com\/en\/productos\/","og_site_name":"Expertos en tratamiento qu\u00edmico del agua","article_modified_time":"2025-10-26T16:36:05+00:00","og_image":[{"width":1024,"height":1536,"url":"https:\/\/beaquimia.com\/wp-content\/uploads\/2025\/09\/GeneradorImagenFichaTecnicaChatGPT-Image-8-sept-2025-20_49_38.png","type":"image\/png"}],"twitter_card":"summary_large_image","twitter_misc":{"Estimated reading time":"2 minutes"},"schema":{"@context":"https:\/\/schema.org","@graph":[{"@type":"WebPage","@id":"https:\/\/beaquimia.com\/productos\/","url":"https:\/\/beaquimia.com\/productos\/","name":"Productos - Expertos en tratamiento qu\u00edmico del agua","isPartOf":{"@id":"https:\/\/beaquimia.com\/#website"},"primaryImageOfPage":{"@id":"https:\/\/beaquimia.com\/productos\/#primaryimage"},"image":{"@id":"https:\/\/beaquimia.com\/productos\/#primaryimage"},"thumbnailUrl":"https:\/\/beaquimia.com\/wp-content\/uploads\/2025\/09\/GeneradorImagenFichaTecnicaChatGPT-Image-8-sept-2025-20_49_38.png","datePublished":"2025-08-07T23:00:47+00:00","dateModified":"2025-10-26T16:36:05+00:00","breadcrumb":{"@id":"https:\/\/beaquimia.com\/productos\/#breadcrumb"},"inLanguage":"en-GB","potentialAction":[{"@type":"ReadAction","target":["https:\/\/beaquimia.com\/productos\/"]}]},{"@type":"ImageObject","inLanguage":"en-GB","@id":"https:\/\/beaquimia.com\/productos\/#primaryimage","url":"https:\/\/beaquimia.com\/wp-content\/uploads\/2025\/09\/GeneradorImagenFichaTecnicaChatGPT-Image-8-sept-2025-20_49_38.png","contentUrl":"https:\/\/beaquimia.com\/wp-content\/uploads\/2025\/09\/GeneradorImagenFichaTecnicaChatGPT-Image-8-sept-2025-20_49_38.png","width":1024,"height":1536},{"@type":"BreadcrumbList","@id":"https:\/\/beaquimia.com\/productos\/#breadcrumb","itemListElement":[{"@type":"ListItem","position":1,"name":"Portada","item":"https:\/\/beaquimia.com\/"},{"@type":"ListItem","position":2,"name":"Productos"}]},{"@type":"WebSite","@id":"https:\/\/beaquimia.com\/#website","url":"https:\/\/beaquimia.com\/","name":"Water treatment chemicals experts","description":"","publisher":{"@id":"https:\/\/beaquimia.com\/#organization"},"potentialAction":[{"@type":"SearchAction","target":{"@type":"EntryPoint","urlTemplate":"https:\/\/beaquimia.com\/?s={search_term_string}"},"query-input":{"@type":"PropertyValueSpecification","valueRequired":true,"valueName":"search_term_string"}}],"inLanguage":"en-GB"},{"@type":"Organization","@id":"https:\/\/beaquimia.com\/#organization","name":"Beaquimia","url":"https:\/\/beaquimia.com\/","logo":{"@type":"ImageObject","inLanguage":"en-GB","@id":"https:\/\/beaquimia.com\/#\/schema\/logo\/image\/","url":"https:\/\/beaquimia.com\/wp-content\/uploads\/2025\/09\/LogoBeaquimiaAzul.jpg","contentUrl":"https:\/\/beaquimia.com\/wp-content\/uploads\/2025\/09\/LogoBeaquimiaAzul.jpg","width":567,"height":125,"caption":"Beaquimia"},"image":{"@id":"https:\/\/beaquimia.com\/#\/schema\/logo\/image\/"},"sameAs":["https:\/\/www.linkedin.com\/company\/109128909\/admin\/dashboard\/"]}]}},"_hostinger_reach_plugin_has_subscription_block":false,"_hostinger_reach_plugin_is_elementor":false,"_links":{"self":[{"href":"https:\/\/beaquimia.com\/en\/wp-json\/wp\/v2\/pages\/24","targetHints":{"allow":["GET"]}}],"collection":[{"href":"https:\/\/beaquimia.com\/en\/wp-json\/wp\/v2\/pages"}],"about":[{"href":"https:\/\/beaquimia.com\/en\/wp-json\/wp\/v2\/types\/page"}],"author":[{"embeddable":true,"href":"https:\/\/beaquimia.com\/en\/wp-json\/wp\/v2\/users\/1"}],"replies":[{"embeddable":true,"href":"https:\/\/beaquimia.com\/en\/wp-json\/wp\/v2\/comments?post=24"}],"version-history":[{"count":3,"href":"https:\/\/beaquimia.com\/en\/wp-json\/wp\/v2\/pages\/24\/revisions"}],"predecessor-version":[{"id":377,"href":"https:\/\/beaquimia.com\/en\/wp-json\/wp\/v2\/pages\/24\/revisions\/377"}],"wp:featuredmedia":[{"embeddable":true,"href":"https:\/\/beaquimia.com\/en\/wp-json\/wp\/v2\/media\/225"}],"wp:attachment":[{"href":"https:\/\/beaquimia.com\/en\/wp-json\/wp\/v2\/media?parent=24"}],"curies":[{"name":"wp","href":"https:\/\/api.w.org\/{rel}","templated":true}]}}