{"id":23,"date":"2025-08-07T23:00:47","date_gmt":"2025-08-07T23:00:47","guid":{"rendered":"https:\/\/beaquim.com\/servicios\/"},"modified":"2025-09-25T10:05:45","modified_gmt":"2025-09-25T08:05:45","slug":"servicios","status":"publish","type":"page","link":"https:\/\/beaquimia.com\/en\/servicios\/","title":{"rendered":"Services"},"content":{"rendered":"<div class=\"wp-block-group alignfull hostinger-ai-our-services-2 hostinger-ai-fade-up has-color-2-background-color has-background has-global-padding is-layout-constrained wp-block-group-is-layout-constrained\" style=\"margin-bottom:0;padding-top:var(--wp--preset--spacing--60);padding-bottom:var(--wp--preset--spacing--60)\">\n<div class=\"wp-block-group alignwide hostinger-ai-fade-up has-global-padding is-content-justification-left is-layout-constrained wp-container-core-group-is-layout-12dd3699 wp-block-group-is-layout-constrained\">\n<h2 class=\"wp-block-heading is-style-default hostinger-ai-title has-background-color has-text-color has-link-color has-x-large-font-size wp-elements-2d9687ee2e2c481945b3cb49335f0e97\" style=\"margin-bottom:var(--wp--preset--spacing--50)\">Limpiezas qu\u00edmicas de equipos de \u00f3smosis inversa<\/h2>\n\n\n\n<p class=\"has-background-color has-text-color has-link-color has-large-font-size wp-elements-c2eebb9cdbcdabcc53a5a3a7e89a356f\">Realizamos servicios de limpieza qu\u00edmica mediante protocolos que garanticen el restablecimiento de los par\u00e1metros de operaci\u00f3n correctos del equipo de \u00f3smosis y utilizando nuestros propios productos de limpieza de formulaci\u00f3n propia.<\/p>\n<\/div>\n<\/div>\n\n\n\n<div class=\"wp-block-group alignfull hostinger-ai-our-services-2 hostinger-ai-fade-up has-color-2-background-color has-background has-global-padding is-layout-constrained wp-block-group-is-layout-constrained\" style=\"margin-bottom:0;padding-top:var(--wp--preset--spacing--60);padding-bottom:var(--wp--preset--spacing--60)\">\n<div class=\"wp-block-group alignwide hostinger-ai-fade-up has-global-padding is-content-justification-left is-layout-constrained wp-container-core-group-is-layout-12dd3699 wp-block-group-is-layout-constrained\">\n<h2 class=\"wp-block-heading is-style-default hostinger-ai-title has-background-color has-text-color has-link-color has-x-large-font-size wp-elements-653779f5683d8cefcab0fb1c52986608\" style=\"margin-bottom:var(--wp--preset--spacing--50)\">Limpiezas qu\u00edmicas de circuitos cerrados<\/h2>\n\n\n\n<p class=\"has-background-color has-text-color has-link-color has-large-font-size wp-elements-37af60815065ce7b4921e30e6fbdf15e\">Realizamos servicios de limpieza qu\u00edmica de circuitos cerrados consiguiendo la m\u00e1xima eliminaci\u00f3n de suciedad con el m\u00e1ximo respeto a la integridad de los equipos, evitando corrosiones en el proceso.<\/p>\n<\/div>\n<\/div>\n\n\n\n<div class=\"wp-block-group alignfull hostinger-ai-our-services-2 hostinger-ai-fade-up has-color-2-background-color has-background has-global-padding is-layout-constrained wp-block-group-is-layout-constrained\" style=\"margin-bottom:0;padding-top:var(--wp--preset--spacing--60);padding-bottom:var(--wp--preset--spacing--60)\">\n<div class=\"wp-block-group alignwide hostinger-ai-fade-up has-global-padding is-content-justification-left is-layout-constrained wp-container-core-group-is-layout-12dd3699 wp-block-group-is-layout-constrained\">\n<h2 class=\"wp-block-heading is-style-default hostinger-ai-title has-background-color has-text-color has-link-color has-x-large-font-size wp-elements-182a593e8f5de9d7e07ee69e1042edce\" style=\"margin-bottom:var(--wp--preset--spacing--50)\">Consultor\u00eda en base a estudios anal\u00edticos<\/h2>\n\n\n\n<p class=\"has-background-color has-text-color has-link-color has-large-font-size wp-elements-11969e5fffe311dab136f41ea0e3cd6d\">Ayudamos a planificar y\/o realizar una correcta toma de muestras para en base al an\u00e1lisis de un laboratorio externo diagnosticar el estado de las instalaciones y prescribir las mejoras oportunas en equipos y tratamientos.<\/p>\n<\/div>\n<\/div>\n\n\n\n<p><\/p>","protected":false},"excerpt":{"rendered":"<p>Limpiezas qu\u00edmicas de equipos de \u00f3smosis inversa Realizamos servicios de limpieza qu\u00edmica mediante protocolos que garanticen el restablecimiento de los par\u00e1metros de operaci\u00f3n correctos del equipo de \u00f3smosis y utilizando [&hellip;]<\/p>\n","protected":false},"author":1,"featured_media":0,"parent":0,"menu_order":0,"comment_status":"closed","ping_status":"closed","template":"","meta":{"_EventAllDay":false,"_EventTimezone":"","_EventStartDate":"","_EventEndDate":"","_EventStartDateUTC":"","_EventEndDateUTC":"","_EventShowMap":false,"_EventShowMapLink":false,"_EventURL":"","_EventCost":"","_EventCostDescription":"","_EventCurrencySymbol":"","_EventCurrencyCode":"","_EventCurrencyPosition":"","_EventDateTimeSeparator":"","_EventTimeRangeSeparator":"","_EventOrganizerID":[],"_EventVenueID":[],"_OrganizerEmail":"","_OrganizerPhone":"","_OrganizerWebsite":"","_VenueAddress":"","_VenueCity":"","_VenueCountry":"","_VenueProvince":"","_VenueState":"","_VenueZip":"","_VenuePhone":"","_VenueURL":"","_VenueStateProvince":"","_VenueLat":"","_VenueLng":"","_VenueShowMap":false,"_VenueShowMapLink":false,"footnotes":""},"class_list":["post-23","page","type-page","status-publish","hentry"],"yoast_head":"<!-- This site is optimized with the Yoast SEO plugin v27.2 - https:\/\/yoast.com\/product\/yoast-seo-wordpress\/ -->\n<title>Servicios - Expertos en tratamiento qu\u00edmico del agua<\/title>\n<meta name=\"robots\" content=\"index, follow, max-snippet:-1, max-image-preview:large, max-video-preview:-1\" \/>\n<link rel=\"canonical\" href=\"https:\/\/beaquimia.com\/en\/servicios\/\" \/>\n<meta property=\"og:locale\" content=\"en_GB\" \/>\n<meta property=\"og:type\" content=\"article\" \/>\n<meta property=\"og:title\" content=\"Servicios - Expertos en tratamiento qu\u00edmico del agua\" \/>\n<meta property=\"og:description\" content=\"Limpiezas qu\u00edmicas de equipos de \u00f3smosis inversa Realizamos servicios de limpieza qu\u00edmica mediante protocolos que garanticen el restablecimiento de los par\u00e1metros de operaci\u00f3n correctos del equipo de \u00f3smosis y utilizando [&hellip;]\" \/>\n<meta property=\"og:url\" content=\"https:\/\/beaquimia.com\/en\/servicios\/\" \/>\n<meta property=\"og:site_name\" content=\"Expertos en tratamiento qu\u00edmico del agua\" \/>\n<meta property=\"article:modified_time\" content=\"2025-09-25T08:05:45+00:00\" \/>\n<meta name=\"twitter:card\" content=\"summary_large_image\" \/>\n<meta name=\"twitter:label1\" content=\"Estimated reading time\" \/>\n\t<meta name=\"twitter:data1\" content=\"1 minute\" \/>\n<script type=\"application\/ld+json\" class=\"yoast-schema-graph\">{\"@context\":\"https:\/\/schema.org\",\"@graph\":[{\"@type\":\"WebPage\",\"@id\":\"https:\/\/beaquimia.com\/servicios\/\",\"url\":\"https:\/\/beaquimia.com\/servicios\/\",\"name\":\"Servicios - Expertos en tratamiento qu\u00edmico del agua\",\"isPartOf\":{\"@id\":\"https:\/\/beaquimia.com\/#website\"},\"datePublished\":\"2025-08-07T23:00:47+00:00\",\"dateModified\":\"2025-09-25T08:05:45+00:00\",\"breadcrumb\":{\"@id\":\"https:\/\/beaquimia.com\/servicios\/#breadcrumb\"},\"inLanguage\":\"en-GB\",\"potentialAction\":[{\"@type\":\"ReadAction\",\"target\":[\"https:\/\/beaquimia.com\/servicios\/\"]}]},{\"@type\":\"BreadcrumbList\",\"@id\":\"https:\/\/beaquimia.com\/servicios\/#breadcrumb\",\"itemListElement\":[{\"@type\":\"ListItem\",\"position\":1,\"name\":\"Portada\",\"item\":\"https:\/\/beaquimia.com\/\"},{\"@type\":\"ListItem\",\"position\":2,\"name\":\"Servicios\"}]},{\"@type\":\"WebSite\",\"@id\":\"https:\/\/beaquimia.com\/#website\",\"url\":\"https:\/\/beaquimia.com\/\",\"name\":\"Expertos en tratamiento qu\u00edmico del agua\",\"description\":\"\",\"publisher\":{\"@id\":\"https:\/\/beaquimia.com\/#organization\"},\"potentialAction\":[{\"@type\":\"SearchAction\",\"target\":{\"@type\":\"EntryPoint\",\"urlTemplate\":\"https:\/\/beaquimia.com\/?s={search_term_string}\"},\"query-input\":{\"@type\":\"PropertyValueSpecification\",\"valueRequired\":true,\"valueName\":\"search_term_string\"}}],\"inLanguage\":\"en-GB\"},{\"@type\":\"Organization\",\"@id\":\"https:\/\/beaquimia.com\/#organization\",\"name\":\"Beaquimia\",\"url\":\"https:\/\/beaquimia.com\/\",\"logo\":{\"@type\":\"ImageObject\",\"inLanguage\":\"en-GB\",\"@id\":\"https:\/\/beaquimia.com\/#\/schema\/logo\/image\/\",\"url\":\"https:\/\/beaquimia.com\/wp-content\/uploads\/2025\/09\/LogoBeaquimiaAzul.jpg\",\"contentUrl\":\"https:\/\/beaquimia.com\/wp-content\/uploads\/2025\/09\/LogoBeaquimiaAzul.jpg\",\"width\":567,\"height\":125,\"caption\":\"Beaquimia\"},\"image\":{\"@id\":\"https:\/\/beaquimia.com\/#\/schema\/logo\/image\/\"},\"sameAs\":[\"https:\/\/www.linkedin.com\/company\/109128909\/admin\/dashboard\/\"]}]}<\/script>\n<!-- \/ Yoast SEO plugin. -->","yoast_head_json":{"title":"Servicios - Expertos en tratamiento qu\u00edmico del agua","robots":{"index":"index","follow":"follow","max-snippet":"max-snippet:-1","max-image-preview":"max-image-preview:large","max-video-preview":"max-video-preview:-1"},"canonical":"https:\/\/beaquimia.com\/en\/servicios\/","og_locale":"en_GB","og_type":"article","og_title":"Servicios - Expertos en tratamiento qu\u00edmico del agua","og_description":"Limpiezas qu\u00edmicas de equipos de \u00f3smosis inversa Realizamos servicios de limpieza qu\u00edmica mediante protocolos que garanticen el restablecimiento de los par\u00e1metros de operaci\u00f3n correctos del equipo de \u00f3smosis y utilizando [&hellip;]","og_url":"https:\/\/beaquimia.com\/en\/servicios\/","og_site_name":"Expertos en tratamiento qu\u00edmico del agua","article_modified_time":"2025-09-25T08:05:45+00:00","twitter_card":"summary_large_image","twitter_misc":{"Estimated reading time":"1 minute"},"schema":{"@context":"https:\/\/schema.org","@graph":[{"@type":"WebPage","@id":"https:\/\/beaquimia.com\/servicios\/","url":"https:\/\/beaquimia.com\/servicios\/","name":"Servicios - Expertos en tratamiento qu\u00edmico del agua","isPartOf":{"@id":"https:\/\/beaquimia.com\/#website"},"datePublished":"2025-08-07T23:00:47+00:00","dateModified":"2025-09-25T08:05:45+00:00","breadcrumb":{"@id":"https:\/\/beaquimia.com\/servicios\/#breadcrumb"},"inLanguage":"en-GB","potentialAction":[{"@type":"ReadAction","target":["https:\/\/beaquimia.com\/servicios\/"]}]},{"@type":"BreadcrumbList","@id":"https:\/\/beaquimia.com\/servicios\/#breadcrumb","itemListElement":[{"@type":"ListItem","position":1,"name":"Portada","item":"https:\/\/beaquimia.com\/"},{"@type":"ListItem","position":2,"name":"Servicios"}]},{"@type":"WebSite","@id":"https:\/\/beaquimia.com\/#website","url":"https:\/\/beaquimia.com\/","name":"Water treatment chemicals experts","description":"","publisher":{"@id":"https:\/\/beaquimia.com\/#organization"},"potentialAction":[{"@type":"SearchAction","target":{"@type":"EntryPoint","urlTemplate":"https:\/\/beaquimia.com\/?s={search_term_string}"},"query-input":{"@type":"PropertyValueSpecification","valueRequired":true,"valueName":"search_term_string"}}],"inLanguage":"en-GB"},{"@type":"Organization","@id":"https:\/\/beaquimia.com\/#organization","name":"Beaquimia","url":"https:\/\/beaquimia.com\/","logo":{"@type":"ImageObject","inLanguage":"en-GB","@id":"https:\/\/beaquimia.com\/#\/schema\/logo\/image\/","url":"https:\/\/beaquimia.com\/wp-content\/uploads\/2025\/09\/LogoBeaquimiaAzul.jpg","contentUrl":"https:\/\/beaquimia.com\/wp-content\/uploads\/2025\/09\/LogoBeaquimiaAzul.jpg","width":567,"height":125,"caption":"Beaquimia"},"image":{"@id":"https:\/\/beaquimia.com\/#\/schema\/logo\/image\/"},"sameAs":["https:\/\/www.linkedin.com\/company\/109128909\/admin\/dashboard\/"]}]}},"_hostinger_reach_plugin_has_subscription_block":false,"_hostinger_reach_plugin_is_elementor":false,"_links":{"self":[{"href":"https:\/\/beaquimia.com\/en\/wp-json\/wp\/v2\/pages\/23","targetHints":{"allow":["GET"]}}],"collection":[{"href":"https:\/\/beaquimia.com\/en\/wp-json\/wp\/v2\/pages"}],"about":[{"href":"https:\/\/beaquimia.com\/en\/wp-json\/wp\/v2\/types\/page"}],"author":[{"embeddable":true,"href":"https:\/\/beaquimia.com\/en\/wp-json\/wp\/v2\/users\/1"}],"replies":[{"embeddable":true,"href":"https:\/\/beaquimia.com\/en\/wp-json\/wp\/v2\/comments?post=23"}],"version-history":[{"count":1,"href":"https:\/\/beaquimia.com\/en\/wp-json\/wp\/v2\/pages\/23\/revisions"}],"predecessor-version":[{"id":361,"href":"https:\/\/beaquimia.com\/en\/wp-json\/wp\/v2\/pages\/23\/revisions\/361"}],"wp:attachment":[{"href":"https:\/\/beaquimia.com\/en\/wp-json\/wp\/v2\/media?parent=23"}],"curies":[{"name":"wp","href":"https:\/\/api.w.org\/{rel}","templated":true}]}}